{"id":333,"date":"2026-03-13T20:13:15","date_gmt":"2026-03-13T20:13:15","guid":{"rendered":"https:\/\/cremonadojoaikido.com.br\/?page_id=333"},"modified":"2026-03-14T22:01:00","modified_gmt":"2026-03-14T22:01:00","slug":"artigos","status":"publish","type":"page","link":"https:\/\/cremonadojoaikido.com.br\/?page_id=333","title":{"rendered":"ARTIGOS"},"content":{"rendered":"\t\t<div data-elementor-type=\"wp-page\" data-elementor-id=\"333\" class=\"elementor elementor-333\">\n\t\t\t\t<div class=\"elementor-element elementor-element-24d6609 e-flex e-con-boxed e-con e-parent\" data-id=\"24d6609\" data-element_type=\"container\" data-e-type=\"container\">\n\t\t\t\t\t<div class=\"e-con-inner\">\n\t\t\t\t<div class=\"elementor-element elementor-element-569727d elementor-widget elementor-widget-heading\" data-id=\"569727d\" data-element_type=\"widget\" data-e-type=\"widget\" data-widget_type=\"heading.default\">\n\t\t\t\t\t<h2 class=\"elementor-heading-title elementor-size-default\">Conhe\u00e7a o Dojo<\/h2>\t\t\t\t<\/div>\n\t\t\t\t<div class=\"elementor-element elementor-element-9b51351 elementor-widget-divider--view-line elementor-widget elementor-widget-divider\" data-id=\"9b51351\" data-element_type=\"widget\" data-e-type=\"widget\" data-widget_type=\"divider.default\">\n\t\t\t\t\t\t\t<div class=\"elementor-divider\">\n\t\t\t<span class=\"elementor-divider-separator\">\n\t\t\t\t\t\t<\/span>\n\t\t<\/div>\n\t\t\t\t\t\t<\/div>\n\t\t\t\t\t<\/div>\n\t\t\t\t<\/div>\n\t\t<div class=\"elementor-element elementor-element-b9b5dca e-grid e-con-boxed e-con e-parent\" data-id=\"b9b5dca\" data-element_type=\"container\" data-e-type=\"container\">\n\t\t\t\t\t<div class=\"e-con-inner\">\n\t\t\t\t<div class=\"elementor-element elementor-element-f70a36a elementor-position-top elementor-widget elementor-widget-image-box\" data-id=\"f70a36a\" data-element_type=\"widget\" data-e-type=\"widget\" data-widget_type=\"image-box.default\">\n\t\t\t\t\t<div class=\"elementor-image-box-wrapper\"><figure class=\"elementor-image-box-img\"><a href=\"https:\/\/cremonadojoaikido.com.br\/?p=101\" tabindex=\"-1\"><img fetchpriority=\"high\" decoding=\"async\" width=\"2560\" height=\"1920\" src=\"https:\/\/cremonadojoaikido.com.br\/wp-content\/uploads\/2025\/11\/IMG_1647-scaled.jpg\" class=\"attachment-full size-full wp-image-102\" alt=\"\" srcset=\"https:\/\/cremonadojoaikido.com.br\/wp-content\/uploads\/2025\/11\/IMG_1647-scaled.jpg 2560w, https:\/\/cremonadojoaikido.com.br\/wp-content\/uploads\/2025\/11\/IMG_1647-300x225.jpg 300w, https:\/\/cremonadojoaikido.com.br\/wp-content\/uploads\/2025\/11\/IMG_1647-1024x768.jpg 1024w, https:\/\/cremonadojoaikido.com.br\/wp-content\/uploads\/2025\/11\/IMG_1647-768x576.jpg 768w, https:\/\/cremonadojoaikido.com.br\/wp-content\/uploads\/2025\/11\/IMG_1647-1536x1152.jpg 1536w, https:\/\/cremonadojoaikido.com.br\/wp-content\/uploads\/2025\/11\/IMG_1647-2048x1536.jpg 2048w\" sizes=\"(max-width: 2560px) 100vw, 2560px\" \/><\/a><\/figure><div class=\"elementor-image-box-content\"><h3 class=\"elementor-image-box-title\"><a href=\"https:\/\/cremonadojoaikido.com.br\/?p=101\">O Dojo<\/a><\/h3><p class=\"elementor-image-box-description\"><span style=\", sans-serif;text-align: start\">A CREMONA DOJO-AIKIDO, \u00e9 uma entidade que tem como objetivo principal, desenvolver a pr\u00e1tica da nobre arte marcial japonesa denomina AIKIDO<\/span><\/p><\/div><\/div>\t\t\t\t<\/div>\n\t\t\t\t<div class=\"elementor-element elementor-element-9b762cc elementor-position-top elementor-widget elementor-widget-image-box\" data-id=\"9b762cc\" data-element_type=\"widget\" data-e-type=\"widget\" data-widget_type=\"image-box.default\">\n\t\t\t\t\t<div class=\"elementor-image-box-wrapper\"><figure class=\"elementor-image-box-img\"><a href=\"https:\/\/cremonadojoaikido.com.br\/?p=148\" tabindex=\"-1\"><img decoding=\"async\" width=\"1500\" height=\"1200\" src=\"https:\/\/cremonadojoaikido.com.br\/wp-content\/uploads\/2025\/11\/3-1.jpg\" class=\"attachment-full size-full wp-image-152\" alt=\"\" srcset=\"https:\/\/cremonadojoaikido.com.br\/wp-content\/uploads\/2025\/11\/3-1.jpg 1500w, https:\/\/cremonadojoaikido.com.br\/wp-content\/uploads\/2025\/11\/3-1-300x240.jpg 300w, https:\/\/cremonadojoaikido.com.br\/wp-content\/uploads\/2025\/11\/3-1-1024x819.jpg 1024w, https:\/\/cremonadojoaikido.com.br\/wp-content\/uploads\/2025\/11\/3-1-768x614.jpg 768w\" sizes=\"(max-width: 1500px) 100vw, 1500px\" \/><\/a><\/figure><div class=\"elementor-image-box-content\"><h3 class=\"elementor-image-box-title\"><a href=\"https:\/\/cremonadojoaikido.com.br\/?p=148\">Treino Infantil<\/a><\/h3><p class=\"elementor-image-box-description\">O Aikido, conhecido como a \"Arte da Paz\", \u00e9 uma arte marcial japonesa ideal para crian\u00e7as por n\u00e3o focar em competi\u00e7\u00e3o, mas sim na harmonia e na coopera\u00e7\u00e3o<span style=\", Arial, sans-serif;text-align: start\">.<\/span><\/p><\/div><\/div>\t\t\t\t<\/div>\n\t\t\t\t<div class=\"elementor-element elementor-element-1256f84 elementor-position-top elementor-widget elementor-widget-image-box\" data-id=\"1256f84\" data-element_type=\"widget\" data-e-type=\"widget\" data-widget_type=\"image-box.default\">\n\t\t\t\t\t<div class=\"elementor-image-box-wrapper\"><figure class=\"elementor-image-box-img\"><a href=\"https:\/\/cremonadojoaikido.com.br\/?p=105\" tabindex=\"-1\"><img fetchpriority=\"high\" decoding=\"async\" width=\"2560\" height=\"1920\" src=\"https:\/\/cremonadojoaikido.com.br\/wp-content\/uploads\/2025\/11\/IMG_1647-scaled.jpg\" class=\"attachment-full size-full wp-image-102\" alt=\"\" srcset=\"https:\/\/cremonadojoaikido.com.br\/wp-content\/uploads\/2025\/11\/IMG_1647-scaled.jpg 2560w, https:\/\/cremonadojoaikido.com.br\/wp-content\/uploads\/2025\/11\/IMG_1647-300x225.jpg 300w, https:\/\/cremonadojoaikido.com.br\/wp-content\/uploads\/2025\/11\/IMG_1647-1024x768.jpg 1024w, https:\/\/cremonadojoaikido.com.br\/wp-content\/uploads\/2025\/11\/IMG_1647-768x576.jpg 768w, https:\/\/cremonadojoaikido.com.br\/wp-content\/uploads\/2025\/11\/IMG_1647-1536x1152.jpg 1536w, https:\/\/cremonadojoaikido.com.br\/wp-content\/uploads\/2025\/11\/IMG_1647-2048x1536.jpg 2048w\" sizes=\"(max-width: 2560px) 100vw, 2560px\" \/><\/a><\/figure><div class=\"elementor-image-box-content\"><h3 class=\"elementor-image-box-title\"><a href=\"https:\/\/cremonadojoaikido.com.br\/?p=105\">Regulamento<\/a><\/h3><p class=\"elementor-image-box-description\">Conhe\u00e7a as regras de etiqueta (Reigi), seguran\u00e7a e conduta para mantermos a harmonia e o respeito dentro do nosso tatame.<\/p><\/div><\/div>\t\t\t\t<\/div>\n\t\t\t\t\t<\/div>\n\t\t\t\t<\/div>\n\t\t<div class=\"elementor-element elementor-element-7799e1b e-grid e-con-boxed e-con e-parent\" data-id=\"7799e1b\" data-element_type=\"container\" data-e-type=\"container\">\n\t\t\t\t\t<div class=\"e-con-inner\">\n\t\t\t\t\t<\/div>\n\t\t\t\t<\/div>\n\t\t<div class=\"elementor-element elementor-element-4ffd6c5 e-grid e-con-boxed e-con e-parent\" data-id=\"4ffd6c5\" data-element_type=\"container\" data-e-type=\"container\">\n\t\t\t\t\t<div class=\"e-con-inner\">\n\t\t\t\t<div class=\"elementor-element elementor-element-b49b52d elementor-position-top elementor-widget elementor-widget-image-box\" data-id=\"b49b52d\" data-element_type=\"widget\" data-e-type=\"widget\" data-widget_type=\"image-box.default\">\n\t\t\t\t\t<div class=\"elementor-image-box-wrapper\"><figure class=\"elementor-image-box-img\"><a href=\"https:\/\/cremonadojoaikido.com.br\/?p=99\" tabindex=\"-1\"><img decoding=\"async\" width=\"910\" height=\"514\" src=\"https:\/\/cremonadojoaikido.com.br\/wp-content\/uploads\/2026\/03\/2026-03-14_18h25_59.png\" class=\"attachment-full size-full wp-image-383\" alt=\"\" srcset=\"https:\/\/cremonadojoaikido.com.br\/wp-content\/uploads\/2026\/03\/2026-03-14_18h25_59.png 910w, https:\/\/cremonadojoaikido.com.br\/wp-content\/uploads\/2026\/03\/2026-03-14_18h25_59-300x169.png 300w, https:\/\/cremonadojoaikido.com.br\/wp-content\/uploads\/2026\/03\/2026-03-14_18h25_59-768x434.png 768w\" sizes=\"(max-width: 910px) 100vw, 910px\" \/><\/a><\/figure><div class=\"elementor-image-box-content\"><h3 class=\"elementor-image-box-title\"><a href=\"https:\/\/cremonadojoaikido.com.br\/?p=99\">Gradua\u00e7\u00e3o<\/a><\/h3><p class=\"elementor-image-box-description\"><span style=\", sans-serif;text-align: start\">O sistema de gradua\u00e7\u00e3o no Aikido, como em muitas artes marciais japonesas, \u00e9 dividido em&nbsp;<\/span><span style=\"font-weight: 700;, sans-serif;text-align: start\">Kyu<\/span><span style=\", sans-serif;text-align: start\">&nbsp;(n\u00edveis de aprendizes) e&nbsp;<\/span><span style=\"font-weight: 700;, sans-serif;text-align: start\">Dan<\/span><span style=\", sans-serif;text-align: start\">&nbsp;(n\u00edveis de mestre\/faixa preta).<\/span><\/p><\/div><\/div>\t\t\t\t<\/div>\n\t\t\t\t<div class=\"elementor-element elementor-element-410e5b0 elementor-position-top elementor-widget elementor-widget-image-box\" data-id=\"410e5b0\" data-element_type=\"widget\" data-e-type=\"widget\" data-widget_type=\"image-box.default\">\n\t\t\t\t\t<div class=\"elementor-image-box-wrapper\"><figure class=\"elementor-image-box-img\"><a href=\"https:\/\/cremonadojoaikido.com.br\/?p=123\" tabindex=\"-1\"><img loading=\"lazy\" decoding=\"async\" width=\"2560\" height=\"1920\" src=\"https:\/\/cremonadojoaikido.com.br\/wp-content\/uploads\/2026\/03\/cremona_defendase_II_-8-scaled.jpg\" class=\"attachment-full size-full wp-image-359\" alt=\"\" srcset=\"https:\/\/cremonadojoaikido.com.br\/wp-content\/uploads\/2026\/03\/cremona_defendase_II_-8-scaled.jpg 2560w, https:\/\/cremonadojoaikido.com.br\/wp-content\/uploads\/2026\/03\/cremona_defendase_II_-8-300x225.jpg 300w, https:\/\/cremonadojoaikido.com.br\/wp-content\/uploads\/2026\/03\/cremona_defendase_II_-8-1024x768.jpg 1024w, https:\/\/cremonadojoaikido.com.br\/wp-content\/uploads\/2026\/03\/cremona_defendase_II_-8-768x576.jpg 768w, https:\/\/cremonadojoaikido.com.br\/wp-content\/uploads\/2026\/03\/cremona_defendase_II_-8-1536x1152.jpg 1536w, https:\/\/cremonadojoaikido.com.br\/wp-content\/uploads\/2026\/03\/cremona_defendase_II_-8-2048x1536.jpg 2048w\" sizes=\"(max-width: 2560px) 100vw, 2560px\" \/><\/a><\/figure><div class=\"elementor-image-box-content\"><h3 class=\"elementor-image-box-title\"><a href=\"https:\/\/cremonadojoaikido.com.br\/?p=123\">Faixa Preta<\/a><\/h3><p class=\"elementor-image-box-description\">Conhe\u00e7a os faixas pretas formados no nosso dojo.<\/p><\/div><\/div>\t\t\t\t<\/div>\n\t\t\t\t\t<\/div>\n\t\t\t\t<\/div>\n\t\t<div class=\"elementor-element elementor-element-0acc9fb e-flex e-con-boxed e-con e-parent\" data-id=\"0acc9fb\" data-element_type=\"container\" data-e-type=\"container\">\n\t\t\t\t\t<div class=\"e-con-inner\">\n\t\t\t\t\t<\/div>\n\t\t\t\t<\/div>\n\t\t<div class=\"elementor-element elementor-element-b442afb e-flex e-con-boxed e-con e-parent\" data-id=\"b442afb\" data-element_type=\"container\" data-e-type=\"container\">\n\t\t\t\t\t<div class=\"e-con-inner\">\n\t\t\t\t<div class=\"elementor-element elementor-element-24faaaf elementor-widget elementor-widget-heading\" data-id=\"24faaaf\" data-element_type=\"widget\" data-e-type=\"widget\" data-widget_type=\"heading.default\">\n\t\t\t\t\t<h2 class=\"elementor-heading-title elementor-size-default\"><h2 data-elementor-setting-key=\"title\" data-pen-placeholder=\"Digite aqui...\" style=\"font-weight: 600;font-family: Roboto, sans-serif\">Filosofia e Hist\u00f3ria<span style=\"font-size: 1.875rem\"><\/span><\/h2><\/h2>\t\t\t\t<\/div>\n\t\t\t\t<div class=\"elementor-element elementor-element-4c911aa elementor-widget-divider--view-line elementor-widget elementor-widget-divider\" data-id=\"4c911aa\" data-element_type=\"widget\" data-e-type=\"widget\" data-widget_type=\"divider.default\">\n\t\t\t\t\t\t\t<div class=\"elementor-divider\">\n\t\t\t<span class=\"elementor-divider-separator\">\n\t\t\t\t\t\t<\/span>\n\t\t<\/div>\n\t\t\t\t\t\t<\/div>\n\t\t\t\t\t<\/div>\n\t\t\t\t<\/div>\n\t\t<div class=\"elementor-element elementor-element-7405410 e-grid e-con-boxed e-con e-parent\" data-id=\"7405410\" data-element_type=\"container\" data-e-type=\"container\">\n\t\t\t\t\t<div class=\"e-con-inner\">\n\t\t\t\t<div class=\"elementor-element elementor-element-ef284b2 elementor-position-top elementor-widget elementor-widget-image-box\" data-id=\"ef284b2\" data-element_type=\"widget\" data-e-type=\"widget\" data-widget_type=\"image-box.default\">\n\t\t\t\t\t<div class=\"elementor-image-box-wrapper\"><figure class=\"elementor-image-box-img\"><a href=\"https:\/\/cremonadojoaikido.com.br\/?p=68\" tabindex=\"-1\"><img loading=\"lazy\" decoding=\"async\" width=\"2560\" height=\"1396\" src=\"https:\/\/cremonadojoaikido.com.br\/wp-content\/uploads\/2026\/03\/Gemini_Generated_Image_ujbqinujbqinujbq-scaled.png\" class=\"attachment-full size-full wp-image-384\" alt=\"\" srcset=\"https:\/\/cremonadojoaikido.com.br\/wp-content\/uploads\/2026\/03\/Gemini_Generated_Image_ujbqinujbqinujbq-scaled.png 2560w, https:\/\/cremonadojoaikido.com.br\/wp-content\/uploads\/2026\/03\/Gemini_Generated_Image_ujbqinujbqinujbq-300x164.png 300w, https:\/\/cremonadojoaikido.com.br\/wp-content\/uploads\/2026\/03\/Gemini_Generated_Image_ujbqinujbqinujbq-1024x559.png 1024w, https:\/\/cremonadojoaikido.com.br\/wp-content\/uploads\/2026\/03\/Gemini_Generated_Image_ujbqinujbqinujbq-768x419.png 768w, https:\/\/cremonadojoaikido.com.br\/wp-content\/uploads\/2026\/03\/Gemini_Generated_Image_ujbqinujbqinujbq-1536x838.png 1536w, https:\/\/cremonadojoaikido.com.br\/wp-content\/uploads\/2026\/03\/Gemini_Generated_Image_ujbqinujbqinujbq-2048x1117.png 2048w\" sizes=\"(max-width: 2560px) 100vw, 2560px\" \/><\/a><\/figure><div class=\"elementor-image-box-content\"><h3 class=\"elementor-image-box-title\"><a href=\"https:\/\/cremonadojoaikido.com.br\/?p=68\">A Arte do Aikido<\/a><\/h3><p class=\"elementor-image-box-description\">Uma introdu\u00e7\u00e3o filos\u00f3fica<\/p><\/div><\/div>\t\t\t\t<\/div>\n\t\t\t\t<div class=\"elementor-element elementor-element-8b73b1b elementor-position-top elementor-widget elementor-widget-image-box\" data-id=\"8b73b1b\" data-element_type=\"widget\" data-e-type=\"widget\" data-widget_type=\"image-box.default\">\n\t\t\t\t\t<div class=\"elementor-image-box-wrapper\"><figure class=\"elementor-image-box-img\"><a href=\"https:\/\/cremonadojoaikido.com.br\/?p=70\" tabindex=\"-1\"><img loading=\"lazy\" decoding=\"async\" width=\"2560\" height=\"1396\" src=\"https:\/\/cremonadojoaikido.com.br\/wp-content\/uploads\/2026\/03\/Gemini_Generated_Image_4la8dp4la8dp4la8-scaled.png\" class=\"attachment-full size-full wp-image-385\" alt=\"\" srcset=\"https:\/\/cremonadojoaikido.com.br\/wp-content\/uploads\/2026\/03\/Gemini_Generated_Image_4la8dp4la8dp4la8-scaled.png 2560w, https:\/\/cremonadojoaikido.com.br\/wp-content\/uploads\/2026\/03\/Gemini_Generated_Image_4la8dp4la8dp4la8-300x164.png 300w, https:\/\/cremonadojoaikido.com.br\/wp-content\/uploads\/2026\/03\/Gemini_Generated_Image_4la8dp4la8dp4la8-1024x559.png 1024w, https:\/\/cremonadojoaikido.com.br\/wp-content\/uploads\/2026\/03\/Gemini_Generated_Image_4la8dp4la8dp4la8-768x419.png 768w, https:\/\/cremonadojoaikido.com.br\/wp-content\/uploads\/2026\/03\/Gemini_Generated_Image_4la8dp4la8dp4la8-1536x838.png 1536w, https:\/\/cremonadojoaikido.com.br\/wp-content\/uploads\/2026\/03\/Gemini_Generated_Image_4la8dp4la8dp4la8-2048x1117.png 2048w\" sizes=\"(max-width: 2560px) 100vw, 2560px\" \/><\/a><\/figure><div class=\"elementor-image-box-content\"><h3 class=\"elementor-image-box-title\"><a href=\"https:\/\/cremonadojoaikido.com.br\/?p=70\">Fundador do Aikido<\/a><\/h3><p class=\"elementor-image-box-description\">A hist\u00f3ria de O-Sensei Morihei Ueshiba<\/p><\/div><\/div>\t\t\t\t<\/div>\n\t\t\t\t<div class=\"elementor-element elementor-element-144fbf2 elementor-position-top elementor-widget elementor-widget-image-box\" data-id=\"144fbf2\" data-element_type=\"widget\" data-e-type=\"widget\" data-widget_type=\"image-box.default\">\n\t\t\t\t\t<div class=\"elementor-image-box-wrapper\"><figure class=\"elementor-image-box-img\"><a href=\"https:\/\/cremonadojoaikido.com.br\/?p=74\" tabindex=\"-1\"><img loading=\"lazy\" decoding=\"async\" width=\"1231\" height=\"680\" src=\"https:\/\/cremonadojoaikido.com.br\/wp-content\/uploads\/2026\/03\/2026-03-14_18h54_51.png\" class=\"attachment-full size-full wp-image-386\" alt=\"\" srcset=\"https:\/\/cremonadojoaikido.com.br\/wp-content\/uploads\/2026\/03\/2026-03-14_18h54_51.png 1231w, https:\/\/cremonadojoaikido.com.br\/wp-content\/uploads\/2026\/03\/2026-03-14_18h54_51-300x166.png 300w, https:\/\/cremonadojoaikido.com.br\/wp-content\/uploads\/2026\/03\/2026-03-14_18h54_51-1024x566.png 1024w, https:\/\/cremonadojoaikido.com.br\/wp-content\/uploads\/2026\/03\/2026-03-14_18h54_51-768x424.png 768w\" sizes=\"(max-width: 1231px) 100vw, 1231px\" \/><\/a><\/figure><div class=\"elementor-image-box-content\"><h3 class=\"elementor-image-box-title\"><a href=\"https:\/\/cremonadojoaikido.com.br\/?p=74\">Indica\u00e7\u00e3o de Leitura<\/a><\/h3><p class=\"elementor-image-box-description\">Para quem quer se aprofundar<\/p><\/div><\/div>\t\t\t\t<\/div>\n\t\t\t\t\t<\/div>\n\t\t\t\t<\/div>\n\t\t<div class=\"elementor-element elementor-element-79d0d0c e-flex e-con-boxed e-con e-parent\" data-id=\"79d0d0c\" data-element_type=\"container\" data-e-type=\"container\">\n\t\t\t\t\t<div class=\"e-con-inner\">\n\t\t\t\t\t<\/div>\n\t\t\t\t<\/div>\n\t\t<div class=\"elementor-element elementor-element-f862049 e-flex e-con-boxed e-con e-parent\" data-id=\"f862049\" data-element_type=\"container\" data-e-type=\"container\">\n\t\t\t\t\t<div class=\"e-con-inner\">\n\t\t\t\t<div class=\"elementor-element elementor-element-7a1ad35 elementor-widget elementor-widget-heading\" data-id=\"7a1ad35\" data-element_type=\"widget\" data-e-type=\"widget\" data-widget_type=\"heading.default\">\n\t\t\t\t\t<h2 class=\"elementor-heading-title elementor-size-default\">Estudos e T\u00e9cnica<\/h2>\t\t\t\t<\/div>\n\t\t\t\t<div class=\"elementor-element elementor-element-87e274d elementor-widget-divider--view-line elementor-widget elementor-widget-divider\" data-id=\"87e274d\" data-element_type=\"widget\" data-e-type=\"widget\" data-widget_type=\"divider.default\">\n\t\t\t\t\t\t\t<div class=\"elementor-divider\">\n\t\t\t<span class=\"elementor-divider-separator\">\n\t\t\t\t\t\t<\/span>\n\t\t<\/div>\n\t\t\t\t\t\t<\/div>\n\t\t\t\t\t<\/div>\n\t\t\t\t<\/div>\n\t\t<div class=\"elementor-element elementor-element-77bf768 e-grid e-con-boxed e-con e-parent\" data-id=\"77bf768\" data-element_type=\"container\" data-e-type=\"container\">\n\t\t\t\t\t<div class=\"e-con-inner\">\n\t\t\t\t<div class=\"elementor-element elementor-element-f87a444 elementor-position-top elementor-widget elementor-widget-image-box\" data-id=\"f87a444\" data-element_type=\"widget\" data-e-type=\"widget\" data-widget_type=\"image-box.default\">\n\t\t\t\t\t<div class=\"elementor-image-box-wrapper\"><figure class=\"elementor-image-box-img\"><a href=\"https:\/\/cremonadojoaikido.com.br\/?p=154\" tabindex=\"-1\"><img loading=\"lazy\" decoding=\"async\" width=\"2560\" height=\"1920\" src=\"https:\/\/cremonadojoaikido.com.br\/wp-content\/uploads\/2026\/03\/20190525_IMG_4602-scaled.jpg\" class=\"attachment-full size-full wp-image-382\" alt=\"\" srcset=\"https:\/\/cremonadojoaikido.com.br\/wp-content\/uploads\/2026\/03\/20190525_IMG_4602-scaled.jpg 2560w, https:\/\/cremonadojoaikido.com.br\/wp-content\/uploads\/2026\/03\/20190525_IMG_4602-300x225.jpg 300w, https:\/\/cremonadojoaikido.com.br\/wp-content\/uploads\/2026\/03\/20190525_IMG_4602-1024x768.jpg 1024w, https:\/\/cremonadojoaikido.com.br\/wp-content\/uploads\/2026\/03\/20190525_IMG_4602-768x576.jpg 768w, https:\/\/cremonadojoaikido.com.br\/wp-content\/uploads\/2026\/03\/20190525_IMG_4602-1536x1152.jpg 1536w, https:\/\/cremonadojoaikido.com.br\/wp-content\/uploads\/2026\/03\/20190525_IMG_4602-2048x1536.jpg 2048w\" sizes=\"(max-width: 2560px) 100vw, 2560px\" \/><\/a><\/figure><div class=\"elementor-image-box-content\"><h3 class=\"elementor-image-box-title\"><a href=\"https:\/\/cremonadojoaikido.com.br\/?p=154\"><i data-path-to-node=\"10,0,1,0,0\" data-index-in-node=\"0\">Wazas<\/i><\/a><\/h3><p class=\"elementor-image-box-description\">Explica\u00e7\u00e3o detalhada das t\u00e9cnicas<\/p><\/div><\/div>\t\t\t\t<\/div>\n\t\t\t\t<div class=\"elementor-element elementor-element-d14a1fb elementor-position-top elementor-widget elementor-widget-image-box\" data-id=\"d14a1fb\" data-element_type=\"widget\" data-e-type=\"widget\" data-widget_type=\"image-box.default\">\n\t\t\t\t\t<div class=\"elementor-image-box-wrapper\"><figure class=\"elementor-image-box-img\"><a href=\"https:\/\/cremonadojoaikido.com.br\/?p=72\" tabindex=\"-1\"><img loading=\"lazy\" decoding=\"async\" width=\"1273\" height=\"691\" src=\"https:\/\/cremonadojoaikido.com.br\/wp-content\/uploads\/2026\/03\/2026-03-14_19h00_20.png\" class=\"attachment-full size-full wp-image-387\" alt=\"\" srcset=\"https:\/\/cremonadojoaikido.com.br\/wp-content\/uploads\/2026\/03\/2026-03-14_19h00_20.png 1273w, https:\/\/cremonadojoaikido.com.br\/wp-content\/uploads\/2026\/03\/2026-03-14_19h00_20-300x163.png 300w, https:\/\/cremonadojoaikido.com.br\/wp-content\/uploads\/2026\/03\/2026-03-14_19h00_20-1024x556.png 1024w, https:\/\/cremonadojoaikido.com.br\/wp-content\/uploads\/2026\/03\/2026-03-14_19h00_20-768x417.png 768w\" sizes=\"(max-width: 1273px) 100vw, 1273px\" \/><\/a><\/figure><div class=\"elementor-image-box-content\"><h3 class=\"elementor-image-box-title\"><a href=\"https:\/\/cremonadojoaikido.com.br\/?p=72\"><i data-path-to-node=\"10,0,1,1,0\" data-index-in-node=\"0\">Gloss\u00e1rio<\/i><\/a><\/h3><p class=\"elementor-image-box-description\">Termos em japon\u00eas e contagem<\/p><\/div><\/div>\t\t\t\t<\/div>\n\t\t\t\t\t<\/div>\n\t\t\t\t<\/div>\n\t\t\t\t<\/div>\n\t\t","protected":false},"excerpt":{"rendered":"<p>Conhe\u00e7a o Dojo O Dojo A CREMONA DOJO-AIKIDO, \u00e9 uma entidade que tem como objetivo principal, desenvolver a pr\u00e1tica da [&hellip;]<\/p>\n","protected":false},"author":1,"featured_media":0,"parent":0,"menu_order":0,"comment_status":"closed","ping_status":"closed","template":"","meta":{"site-sidebar-layout":"no-sidebar","site-content-layout":"","ast-site-content-layout":"full-width-container","site-content-style":"default","site-sidebar-style":"default","ast-global-header-display":"","ast-banner-title-visibility":"","ast-main-header-display":"","ast-hfb-above-header-display":"","ast-hfb-below-header-display":"","ast-hfb-mobile-header-display":"","site-post-title":"","ast-breadcrumbs-content":"","ast-featured-img":"disabled","footer-sml-layout":"","theme-transparent-header-meta":"","adv-header-id-meta":"","stick-header-meta":"","header-above-stick-meta":"","header-main-stick-meta":"","header-below-stick-meta":"","astra-migrate-meta-layouts":"default","ast-page-background-enabled":"default","ast-page-background-meta":{"desktop":{"background-color":"var(--ast-global-color-5)","background-image":"","background-repeat":"repeat","background-position":"center center","background-size":"auto","background-attachment":"scroll","background-type":"","background-media":"","overlay-type":"","overlay-color":"","overlay-opacity":"","overlay-gradient":""},"tablet":{"background-color":"","background-image":"","background-repeat":"repeat","background-position":"center center","background-size":"auto","background-attachment":"scroll","background-type":"","background-media":"","overlay-type":"","overlay-color":"","overlay-opacity":"","overlay-gradient":""},"mobile":{"background-color":"","background-image":"","background-repeat":"repeat","background-position":"center center","background-size":"auto","background-attachment":"scroll","background-type":"","background-media":"","overlay-type":"","overlay-color":"","overlay-opacity":"","overlay-gradient":""}},"ast-content-background-meta":{"desktop":{"background-color":"var(--ast-global-color-4)","background-image":"","background-repeat":"repeat","background-position":"center center","background-size":"auto","background-attachment":"scroll","background-type":"","background-media":"","overlay-type":"","overlay-color":"","overlay-opacity":"","overlay-gradient":""},"tablet":{"background-color":"var(--ast-global-color-4)","background-image":"","background-repeat":"repeat","background-position":"center center","background-size":"auto","background-attachment":"scroll","background-type":"","background-media":"","overlay-type":"","overlay-color":"","overlay-opacity":"","overlay-gradient":""},"mobile":{"background-color":"var(--ast-global-color-4)","background-image":"","background-repeat":"repeat","background-position":"center center","background-size":"auto","background-attachment":"scroll","background-type":"","background-media":"","overlay-type":"","overlay-color":"","overlay-opacity":"","overlay-gradient":""}},"footnotes":""},"class_list":["post-333","page","type-page","status-publish","hentry"],"_links":{"self":[{"href":"https:\/\/cremonadojoaikido.com.br\/index.php?rest_route=\/wp\/v2\/pages\/333","targetHints":{"allow":["GET"]}}],"collection":[{"href":"https:\/\/cremonadojoaikido.com.br\/index.php?rest_route=\/wp\/v2\/pages"}],"about":[{"href":"https:\/\/cremonadojoaikido.com.br\/index.php?rest_route=\/wp\/v2\/types\/page"}],"author":[{"embeddable":true,"href":"https:\/\/cremonadojoaikido.com.br\/index.php?rest_route=\/wp\/v2\/users\/1"}],"replies":[{"embeddable":true,"href":"https:\/\/cremonadojoaikido.com.br\/index.php?rest_route=%2Fwp%2Fv2%2Fcomments&post=333"}],"version-history":[{"count":7,"href":"https:\/\/cremonadojoaikido.com.br\/index.php?rest_route=\/wp\/v2\/pages\/333\/revisions"}],"predecessor-version":[{"id":390,"href":"https:\/\/cremonadojoaikido.com.br\/index.php?rest_route=\/wp\/v2\/pages\/333\/revisions\/390"}],"wp:attachment":[{"href":"https:\/\/cremonadojoaikido.com.br\/index.php?rest_route=%2Fwp%2Fv2%2Fmedia&parent=333"}],"curies":[{"name":"wp","href":"https:\/\/api.w.org\/{rel}","templated":true}]}}