{"id":146,"date":"2025-11-19T15:25:50","date_gmt":"2025-11-19T15:25:50","guid":{"rendered":"https:\/\/cremonadojoaikido.com.br\/?page_id=146"},"modified":"2025-11-19T15:25:50","modified_gmt":"2025-11-19T15:25:50","slug":"horario-de-treino","status":"publish","type":"page","link":"https:\/\/cremonadojoaikido.com.br\/?page_id=146","title":{"rendered":"Hor\u00e1rio de Treino"},"content":{"rendered":"\n<figure class=\"wp-block-table\"><table class=\"has-fixed-layout\"><tbody><tr><td><\/td><td>SEGUNDA &#8211; FEIRA<\/td><td>TER\u00c7A-FERIA<\/td><td>QUARTA-FEIRA<\/td><td>QUINTA-FEIRA<\/td><td>SEXTA-FEIRA<\/td><\/tr><tr><td>MANH\u00c3<\/td><td><strong>9h30 \u00e0s 11h<\/strong> (Crian\u00e7as)<\/td><td><\/td><td><\/td><td><\/td><td><\/td><\/tr><tr><td>TARDE<\/td><td><strong>15h30 \u00e0s 16h30<\/strong> (Crian\u00e7as)<\/td><td><\/td><td><\/td><td><\/td><td><\/td><\/tr><tr><td>NOITE<\/td><td><strong>19h30 \u00e0s 21h<\/strong> (Adultos)<\/td><td><strong>19h30 \u00e0s 21h<\/strong> (Adultos)<\/td><td><strong>19h30 \u00e0s 21h<\/strong> (Pretas\/Marrons)<strong>19h30 \u00e0s 21h<\/strong><\/td><td><strong>19h30 \u00e0s 21h<\/strong> (Adultos)<\/td><td><strong>19h30 \u00e0s 21h<\/strong> (Adultos)<\/td><\/tr><\/tbody><\/table><\/figure>\n","protected":false},"excerpt":{"rendered":"<p>SEGUNDA &#8211; FEIRA TER\u00c7A-FERIA QUARTA-FEIRA QUINTA-FEIRA SEXTA-FEIRA MANH\u00c3 9h30 \u00e0s 11h (Crian\u00e7as) TARDE 15h30 \u00e0s 16h30 (Crian\u00e7as) NOITE 19h30 \u00e0s [&hellip;]<\/p>\n","protected":false},"author":1,"featured_media":0,"parent":0,"menu_order":0,"comment_status":"closed","ping_status":"closed","template":"","meta":{"site-sidebar-layout":"default","site-content-layout":"","ast-site-content-layout":"default","site-content-style":"default","site-sidebar-style":"default","ast-global-header-display":"","ast-banner-title-visibility":"","ast-main-header-display":"","ast-hfb-above-header-display":"","ast-hfb-below-header-display":"","ast-hfb-mobile-header-display":"","site-post-title":"","ast-breadcrumbs-content":"","ast-featured-img":"","footer-sml-layout":"","theme-transparent-header-meta":"","adv-header-id-meta":"","stick-header-meta":"","header-above-stick-meta":"","header-main-stick-meta":"","header-below-stick-meta":"","astra-migrate-meta-layouts":"default","ast-page-background-enabled":"default","ast-page-background-meta":{"desktop":{"background-color":"var(--ast-global-color-5)","background-image":"","background-repeat":"repeat","background-position":"center center","background-size":"auto","background-attachment":"scroll","background-type":"","background-media":"","overlay-type":"","overlay-color":"","overlay-opacity":"","overlay-gradient":""},"tablet":{"background-color":"","background-image":"","background-repeat":"repeat","background-position":"center center","background-size":"auto","background-attachment":"scroll","background-type":"","background-media":"","overlay-type":"","overlay-color":"","overlay-opacity":"","overlay-gradient":""},"mobile":{"background-color":"","background-image":"","background-repeat":"repeat","background-position":"center center","background-size":"auto","background-attachment":"scroll","background-type":"","background-media":"","overlay-type":"","overlay-color":"","overlay-opacity":"","overlay-gradient":""}},"ast-content-background-meta":{"desktop":{"background-color":"var(--ast-global-color-4)","background-image":"","background-repeat":"repeat","background-position":"center center","background-size":"auto","background-attachment":"scroll","background-type":"","background-media":"","overlay-type":"","overlay-color":"","overlay-opacity":"","overlay-gradient":""},"tablet":{"background-color":"var(--ast-global-color-4)","background-image":"","background-repeat":"repeat","background-position":"center center","background-size":"auto","background-attachment":"scroll","background-type":"","background-media":"","overlay-type":"","overlay-color":"","overlay-opacity":"","overlay-gradient":""},"mobile":{"background-color":"var(--ast-global-color-4)","background-image":"","background-repeat":"repeat","background-position":"center center","background-size":"auto","background-attachment":"scroll","background-type":"","background-media":"","overlay-type":"","overlay-color":"","overlay-opacity":"","overlay-gradient":""}},"footnotes":""},"class_list":["post-146","page","type-page","status-publish","hentry"],"_links":{"self":[{"href":"https:\/\/cremonadojoaikido.com.br\/index.php?rest_route=\/wp\/v2\/pages\/146","targetHints":{"allow":["GET"]}}],"collection":[{"href":"https:\/\/cremonadojoaikido.com.br\/index.php?rest_route=\/wp\/v2\/pages"}],"about":[{"href":"https:\/\/cremonadojoaikido.com.br\/index.php?rest_route=\/wp\/v2\/types\/page"}],"author":[{"embeddable":true,"href":"https:\/\/cremonadojoaikido.com.br\/index.php?rest_route=\/wp\/v2\/users\/1"}],"replies":[{"embeddable":true,"href":"https:\/\/cremonadojoaikido.com.br\/index.php?rest_route=%2Fwp%2Fv2%2Fcomments&post=146"}],"version-history":[{"count":1,"href":"https:\/\/cremonadojoaikido.com.br\/index.php?rest_route=\/wp\/v2\/pages\/146\/revisions"}],"predecessor-version":[{"id":147,"href":"https:\/\/cremonadojoaikido.com.br\/index.php?rest_route=\/wp\/v2\/pages\/146\/revisions\/147"}],"wp:attachment":[{"href":"https:\/\/cremonadojoaikido.com.br\/index.php?rest_route=%2Fwp%2Fv2%2Fmedia&parent=146"}],"curies":[{"name":"wp","href":"https:\/\/api.w.org\/{rel}","templated":true}]}}