{"id":108,"date":"2025-11-19T14:58:31","date_gmt":"2025-11-19T14:58:31","guid":{"rendered":"https:\/\/cremonadojoaikido.com.br\/?page_id=108"},"modified":"2026-03-23T22:50:14","modified_gmt":"2026-03-23T22:50:14","slug":"regulamento-cremona-dojo-aikido","status":"publish","type":"page","link":"https:\/\/cremonadojoaikido.com.br\/?page_id=108","title":{"rendered":"Regulamento Cremona Dojo Aikido"},"content":{"rendered":"\t\t<div data-elementor-type=\"wp-page\" data-elementor-id=\"108\" class=\"elementor elementor-108\">\n\t\t\t\t<div class=\"elementor-element elementor-element-2a5b741f e-flex e-con-boxed e-con e-parent\" data-id=\"2a5b741f\" data-element_type=\"container\" data-e-type=\"container\">\n\t\t\t\t\t<div class=\"e-con-inner\">\n\t\t\t\t<div class=\"elementor-element elementor-element-704f0b32 elementor-widget elementor-widget-text-editor\" data-id=\"704f0b32\" data-element_type=\"widget\" data-e-type=\"widget\" data-widget_type=\"text-editor.default\">\n\t\t\t\t\t\t\t\t\t\n<p>1-Antes de entrar e sair do Dojo(\u00e1rea de tatames) \u00e9 necess\u00e1rio seja feita uma pequena rever\u00eancia em dire\u00e7\u00e3o ao Kami Dana( pequeno templo de madeira), mesmo que n\u00e3o haja mais ningu\u00e9m no local, em sinal de respeito ao espa\u00e7o destinado ao auto-conhecimento do aluno aikidoista e \u00e0 mem\u00f3ria do \u201cO SENSEI\u201d Morihei Ueshiba, respons\u00e1vel pela cria\u00e7\u00e3o e desenvolvimento do Aikido;<\/p>\n\n<p>2-\u00c9 imprescind\u00edvel que, pelos mesmos motivos acima expostos, o aluno n\u00e3o deixe de utilizar um par de chinelos para deslocar-se dos vesti\u00e1rios e demais depend\u00eancias da academia at\u00e9 a \u00e1rea de tatames e desta at\u00e9 aqueles. O aluno que desejar, poder\u00e1 deixar os seus chinelos nos vesti\u00e1rios no local previamente destinado, permanentemente;<\/p>\n\n<p>3-Na hip\u00f3tese de o treino j\u00e1 haver sido iniciado, ao entrar na \u00e1rea de tatames o aluno, al\u00e9m da pequena rever\u00eancia direcionada ao Kami Dana(pequena casinha de madeira instalada no alto da parede), dever\u00e1 dirigir-se, em seguida, ao sensei(professor) que estiver ministrando a aula e solicitar permiss\u00e3o para treinar, proferindo a seguinte express\u00e3o: \u201conegai shimassu\u201d; se necessitar sair da \u00e1rea de tatames antes de terminado o treino, o aluno dever\u00e1 dirigir-se, primeiramente, para o sensei, dizendo \u201carigato gozai mashita\u201d e, em seguida, ao Kami Dana, fazendo uma pequena rever\u00eancia;<\/p>\n\n<p>4- \u00c9 fundamental que para a pr\u00e1tica do Aikido, o aluno utilize um Dogui (kimono) branco que traga afixado no lado esquerdo do peito o distintivo da Cremona Dojo Aikido e que esteja sempre limpo e bem passado e venha acompanhado do obi(faixa) preso \u00e0 cintura, correspondente ao kyu(categoria por cor de faixa) a que tiver feito jus, em exame realizado na FEPAI; em casos excepcionais, como na hip\u00f3tese de o aluno possuir apenas um dogui, que, depois de lavado, ainda n\u00e3o esteja seco, ser\u00e1 permitido que a pr\u00e1tica seja feita com uma camiseta e uma cal\u00e7a de moletom;<\/p>\n\n<p>5- Al\u00e9m da vestimenta limpa, \u00e9 fundamental que o aluno apresente-se para os treinamentos com a sua higiene pessoal em dia, inclusive, com as unhas das m\u00e3os e dos p\u00e9s sempre limpas e bem aparadas;<\/p>\n\n<p>6- Ao matricular-se na academia, o aluno j\u00e1 efetua o pagamento da mensalidade correspondente ao m\u00eas do seu ingresso e, por essa raz\u00e3o, passa a pagar as demais mensalidades relativas ao m\u00eas vincendo e n\u00e3o ao j\u00e1<\/p>\n\n<p>vencido.<\/p>\n\n<p>6.1- \u00a0A mensalidade ser\u00e1 sempre devida, por inteiro, independentemente de o aluno haver freq\u00fcentado todas, a maioria ou pouqu\u00edssimas aulas durante o m\u00eas, visto que professores e a escola sempre estar\u00e3o \u00e0 disposi\u00e7\u00e3o do aluno dentro da grade de hor\u00e1rios.<\/p>\n\n<p>6.2- O aluno que estiver em atraso com o pagamento das mensalidades, n\u00e3o ser\u00e1 indicado para os exames de mudan\u00e7a de faixas na FEPAI, ainda que esteja apto para tanto (nos termos dos estatutos e regulamento da entidade) e n\u00e3o ser\u00e1 convidado a participar das demais atividades coordenadas por aquela entidade( tais como semin\u00e1rios e outras) ou pela Cremona Dojo, inclusive, aquelas extra-curriculares e de mero lazer.<\/p>\n\n<p>7- O aluno que necessitar ausentar-se do Dojo \u00a0e das aulas do curso de Aikido, por um per\u00edodo determinado ou, em definitivo, dever\u00e1 comunicar tal circunst\u00e2ncia, de forma expressa \u2013 por carta ou e-mail \u2013, com anteced\u00eancia m\u00ednima de 30(trinta) dias, caso contr\u00e1rio, a mensalidade ou mensalidades do tempo de afastamento ser-lhes-\u00e3o cobradas normalmente, visto que as aulas n\u00e3o deixaram de ser ministradas e os servi\u00e7os prestados n\u00e3o sofreram interrup\u00e7\u00e3o alguma, durante o mencionado lapso temporal.<\/p>\n\t\t\t\t\t\t\t\t<\/div>\n\t\t\t\t\t<\/div>\n\t\t\t\t<\/div>\n\t\t\t\t<\/div>\n\t\t","protected":false},"excerpt":{"rendered":"<p>1-Antes de entrar e sair do Dojo(\u00e1rea de tatames) \u00e9 necess\u00e1rio seja feita uma pequena rever\u00eancia em dire\u00e7\u00e3o ao Kami [&hellip;]<\/p>\n","protected":false},"author":1,"featured_media":0,"parent":0,"menu_order":0,"comment_status":"closed","ping_status":"closed","template":"","meta":{"site-sidebar-layout":"default","site-content-layout":"","ast-site-content-layout":"default","site-content-style":"default","site-sidebar-style":"default","ast-global-header-display":"","ast-banner-title-visibility":"","ast-main-header-display":"","ast-hfb-above-header-display":"","ast-hfb-below-header-display":"","ast-hfb-mobile-header-display":"","site-post-title":"","ast-breadcrumbs-content":"","ast-featured-img":"","footer-sml-layout":"","theme-transparent-header-meta":"","adv-header-id-meta":"","stick-header-meta":"","header-above-stick-meta":"","header-main-stick-meta":"","header-below-stick-meta":"","astra-migrate-meta-layouts":"default","ast-page-background-enabled":"default","ast-page-background-meta":{"desktop":{"background-color":"var(--ast-global-color-5)","background-image":"","background-repeat":"repeat","background-position":"center center","background-size":"auto","background-attachment":"scroll","background-type":"","background-media":"","overlay-type":"","overlay-color":"","overlay-opacity":"","overlay-gradient":""},"tablet":{"background-color":"","background-image":"","background-repeat":"repeat","background-position":"center center","background-size":"auto","background-attachment":"scroll","background-type":"","background-media":"","overlay-type":"","overlay-color":"","overlay-opacity":"","overlay-gradient":""},"mobile":{"background-color":"","background-image":"","background-repeat":"repeat","background-position":"center center","background-size":"auto","background-attachment":"scroll","background-type":"","background-media":"","overlay-type":"","overlay-color":"","overlay-opacity":"","overlay-gradient":""}},"ast-content-background-meta":{"desktop":{"background-color":"var(--ast-global-color-4)","background-image":"","background-repeat":"repeat","background-position":"center center","background-size":"auto","background-attachment":"scroll","background-type":"","background-media":"","overlay-type":"","overlay-color":"","overlay-opacity":"","overlay-gradient":""},"tablet":{"background-color":"var(--ast-global-color-4)","background-image":"","background-repeat":"repeat","background-position":"center center","background-size":"auto","background-attachment":"scroll","background-type":"","background-media":"","overlay-type":"","overlay-color":"","overlay-opacity":"","overlay-gradient":""},"mobile":{"background-color":"var(--ast-global-color-4)","background-image":"","background-repeat":"repeat","background-position":"center center","background-size":"auto","background-attachment":"scroll","background-type":"","background-media":"","overlay-type":"","overlay-color":"","overlay-opacity":"","overlay-gradient":""}},"footnotes":""},"class_list":["post-108","page","type-page","status-publish","hentry"],"_links":{"self":[{"href":"https:\/\/cremonadojoaikido.com.br\/index.php?rest_route=\/wp\/v2\/pages\/108","targetHints":{"allow":["GET"]}}],"collection":[{"href":"https:\/\/cremonadojoaikido.com.br\/index.php?rest_route=\/wp\/v2\/pages"}],"about":[{"href":"https:\/\/cremonadojoaikido.com.br\/index.php?rest_route=\/wp\/v2\/types\/page"}],"author":[{"embeddable":true,"href":"https:\/\/cremonadojoaikido.com.br\/index.php?rest_route=\/wp\/v2\/users\/1"}],"replies":[{"embeddable":true,"href":"https:\/\/cremonadojoaikido.com.br\/index.php?rest_route=%2Fwp%2Fv2%2Fcomments&post=108"}],"version-history":[{"count":4,"href":"https:\/\/cremonadojoaikido.com.br\/index.php?rest_route=\/wp\/v2\/pages\/108\/revisions"}],"predecessor-version":[{"id":441,"href":"https:\/\/cremonadojoaikido.com.br\/index.php?rest_route=\/wp\/v2\/pages\/108\/revisions\/441"}],"wp:attachment":[{"href":"https:\/\/cremonadojoaikido.com.br\/index.php?rest_route=%2Fwp%2Fv2%2Fmedia&parent=108"}],"curies":[{"name":"wp","href":"https:\/\/api.w.org\/{rel}","templated":true}]}}